{"id":5976,"date":"2020-09-15T15:48:25","date_gmt":"2020-09-15T13:48:25","guid":{"rendered":"http:\/\/alsik.dk\/?page_id=5976"},"modified":"2025-12-18T08:54:45","modified_gmt":"2025-12-18T07:54:45","slug":"lifes-big-celebrations","status":"publish","type":"page","link":"https:\/\/alsik.dk\/en\/lifes-big-celebrations\/","title":{"rendered":"Should Alsik provide the setting for your big day?"},"content":{"rendered":"<p>At Alsik, all possibilities are open to you and your guests.<\/p>\n<p>With three fantastic restaurants, an acclaimed master chef, elegant function rooms of all sizes and with sea views, the biggest spa in Denmark, a lookout platform and our exclusive rooms, we can create singular, unique total experiences at Alsik, when one of life\u2019s big events needs to be celebrated.<\/p>\n","protected":false},"excerpt":{"rendered":"<p>At Alsik, all possibilities are open to you and your guests. <\/p>\n","protected":false},"author":7,"featured_media":0,"parent":0,"menu_order":0,"comment_status":"closed","ping_status":"closed","template":"","meta":{"_acf_changed":false,"footnotes":""},"tags":[],"class_list":["post-5976","page","type-page","status-publish","hentry"],"acf":[],"yoast_head":"<!-- This site is optimized with the Yoast SEO plugin v24.3 - https:\/\/yoast.com\/wordpress\/plugins\/seo\/ -->\n<title>Celebrate your big day at Alsik | Alsik Hotel &amp; Spa<\/title>\n<meta name=\"description\" content=\"We can create singular, unique total experiences at Alsik, when one of life\u2019s big events needs to be celebrated.\" \/>\n<meta name=\"robots\" content=\"index, follow, max-snippet:-1, max-image-preview:large, max-video-preview:-1\" \/>\n<link rel=\"canonical\" href=\"https:\/\/alsik.dk\/en\/lifes-big-celebrations\/\" \/>\n<meta property=\"og:locale\" content=\"en_US\" \/>\n<meta property=\"og:type\" content=\"article\" \/>\n<meta property=\"og:title\" content=\"Celebrate your big day at Alsik | Alsik Hotel &amp; Spa\" \/>\n<meta property=\"og:description\" content=\"We can create singular, unique total experiences at Alsik, when one of life\u2019s big events needs to be celebrated.\" \/>\n<meta property=\"og:url\" content=\"https:\/\/alsik.dk\/en\/lifes-big-celebrations\/\" \/>\n<meta property=\"og:site_name\" content=\"Alsik Hotel &amp; Spa\" \/>\n<meta property=\"article:modified_time\" content=\"2025-12-18T07:54:45+00:00\" \/>\n<meta name=\"twitter:card\" content=\"summary_large_image\" \/>\n<meta name=\"twitter:label1\" content=\"Est. reading time\" \/>\n\t<meta name=\"twitter:data1\" content=\"1 minute\" \/>\n<script type=\"application\/ld+json\" class=\"yoast-schema-graph\">{\"@context\":\"https:\/\/schema.org\",\"@graph\":[{\"@type\":\"WebPage\",\"@id\":\"https:\/\/alsik.dk\/en\/lifes-big-celebrations\/\",\"url\":\"https:\/\/alsik.dk\/en\/lifes-big-celebrations\/\",\"name\":\"Celebrate your big day at Alsik | Alsik Hotel &amp; Spa\",\"isPartOf\":{\"@id\":\"https:\/\/alsik.dk\/en\/#website\"},\"datePublished\":\"2020-09-15T13:48:25+00:00\",\"dateModified\":\"2025-12-18T07:54:45+00:00\",\"description\":\"We can create singular, unique total experiences at Alsik, when one of life\u2019s big events needs to be celebrated.\",\"breadcrumb\":{\"@id\":\"https:\/\/alsik.dk\/en\/lifes-big-celebrations\/#breadcrumb\"},\"inLanguage\":\"en-US\",\"potentialAction\":[{\"@type\":\"ReadAction\",\"target\":[\"https:\/\/alsik.dk\/en\/lifes-big-celebrations\/\"]}]},{\"@type\":\"BreadcrumbList\",\"@id\":\"https:\/\/alsik.dk\/en\/lifes-big-celebrations\/#breadcrumb\",\"itemListElement\":[{\"@type\":\"ListItem\",\"position\":1,\"name\":\"Hjem\",\"item\":\"https:\/\/alsik.dk\/en\/\"},{\"@type\":\"ListItem\",\"position\":2,\"name\":\"Should Alsik provide the setting for your big day?\"}]},{\"@type\":\"WebSite\",\"@id\":\"https:\/\/alsik.dk\/en\/#website\",\"url\":\"https:\/\/alsik.dk\/en\/\",\"name\":\"Alsik Hotel &amp; Spa\",\"description\":\"Alsik er et af Danmarks mest sp\u00e6ndende hoteller med stilfulde og topmoderne v\u00e6relser. Her venter en verden af luksuri\u00f8s og hyggelig. Oplev Danmarks st\u00f8rste spa med flere end 60 forskellige spa- og wellnessoplevelser fordelt p\u00e5 4.500 kvadratmeter og fire etager. Eller fork\u00e6l sanserne med gastronomi i s\u00e6rklasse i Alsiks tre restauranter.\",\"potentialAction\":[{\"@type\":\"SearchAction\",\"target\":{\"@type\":\"EntryPoint\",\"urlTemplate\":\"https:\/\/alsik.dk\/en\/?s={search_term_string}\"},\"query-input\":{\"@type\":\"PropertyValueSpecification\",\"valueRequired\":true,\"valueName\":\"search_term_string\"}}],\"inLanguage\":\"en-US\"}]}<\/script>\n<!-- \/ Yoast SEO plugin. -->","yoast_head_json":{"title":"Celebrate your big day at Alsik | Alsik Hotel &amp; Spa","description":"We can create singular, unique total experiences at Alsik, when one of life\u2019s big events needs to be celebrated.","robots":{"index":"index","follow":"follow","max-snippet":"max-snippet:-1","max-image-preview":"max-image-preview:large","max-video-preview":"max-video-preview:-1"},"canonical":"https:\/\/alsik.dk\/en\/lifes-big-celebrations\/","og_locale":"en_US","og_type":"article","og_title":"Celebrate your big day at Alsik | Alsik Hotel &amp; Spa","og_description":"We can create singular, unique total experiences at Alsik, when one of life\u2019s big events needs to be celebrated.","og_url":"https:\/\/alsik.dk\/en\/lifes-big-celebrations\/","og_site_name":"Alsik Hotel &amp; Spa","article_modified_time":"2025-12-18T07:54:45+00:00","twitter_card":"summary_large_image","twitter_misc":{"Est. reading time":"1 minute"},"schema":{"@context":"https:\/\/schema.org","@graph":[{"@type":"WebPage","@id":"https:\/\/alsik.dk\/en\/lifes-big-celebrations\/","url":"https:\/\/alsik.dk\/en\/lifes-big-celebrations\/","name":"Celebrate your big day at Alsik | Alsik Hotel &amp; Spa","isPartOf":{"@id":"https:\/\/alsik.dk\/en\/#website"},"datePublished":"2020-09-15T13:48:25+00:00","dateModified":"2025-12-18T07:54:45+00:00","description":"We can create singular, unique total experiences at Alsik, when one of life\u2019s big events needs to be celebrated.","breadcrumb":{"@id":"https:\/\/alsik.dk\/en\/lifes-big-celebrations\/#breadcrumb"},"inLanguage":"en-US","potentialAction":[{"@type":"ReadAction","target":["https:\/\/alsik.dk\/en\/lifes-big-celebrations\/"]}]},{"@type":"BreadcrumbList","@id":"https:\/\/alsik.dk\/en\/lifes-big-celebrations\/#breadcrumb","itemListElement":[{"@type":"ListItem","position":1,"name":"Hjem","item":"https:\/\/alsik.dk\/en\/"},{"@type":"ListItem","position":2,"name":"Should Alsik provide the setting for your big day?"}]},{"@type":"WebSite","@id":"https:\/\/alsik.dk\/en\/#website","url":"https:\/\/alsik.dk\/en\/","name":"Alsik Hotel &amp; Spa","description":"Alsik er et af Danmarks mest sp\u00e6ndende hoteller med stilfulde og topmoderne v\u00e6relser. Her venter en verden af luksuri\u00f8s og hyggelig. Oplev Danmarks st\u00f8rste spa med flere end 60 forskellige spa- og wellnessoplevelser fordelt p\u00e5 4.500 kvadratmeter og fire etager. Eller fork\u00e6l sanserne med gastronomi i s\u00e6rklasse i Alsiks tre restauranter.","potentialAction":[{"@type":"SearchAction","target":{"@type":"EntryPoint","urlTemplate":"https:\/\/alsik.dk\/en\/?s={search_term_string}"},"query-input":{"@type":"PropertyValueSpecification","valueRequired":true,"valueName":"search_term_string"}}],"inLanguage":"en-US"}]}},"_links":{"self":[{"href":"https:\/\/alsik.dk\/en\/wp-json\/wp\/v2\/pages\/5976","targetHints":{"allow":["GET"]}}],"collection":[{"href":"https:\/\/alsik.dk\/en\/wp-json\/wp\/v2\/pages"}],"about":[{"href":"https:\/\/alsik.dk\/en\/wp-json\/wp\/v2\/types\/page"}],"author":[{"embeddable":true,"href":"https:\/\/alsik.dk\/en\/wp-json\/wp\/v2\/users\/7"}],"replies":[{"embeddable":true,"href":"https:\/\/alsik.dk\/en\/wp-json\/wp\/v2\/comments?post=5976"}],"version-history":[{"count":7,"href":"https:\/\/alsik.dk\/en\/wp-json\/wp\/v2\/pages\/5976\/revisions"}],"predecessor-version":[{"id":17305,"href":"https:\/\/alsik.dk\/en\/wp-json\/wp\/v2\/pages\/5976\/revisions\/17305"}],"wp:attachment":[{"href":"https:\/\/alsik.dk\/en\/wp-json\/wp\/v2\/media?parent=5976"}],"wp:term":[{"taxonomy":"post_tag","embeddable":true,"href":"https:\/\/alsik.dk\/en\/wp-json\/wp\/v2\/tags?post=5976"}],"curies":[{"name":"wp","href":"https:\/\/api.w.org\/{rel}","templated":true}]}}