{"id":7934,"date":"2021-04-12T10:41:30","date_gmt":"2021-04-12T08:41:30","guid":{"rendered":"https:\/\/alsik.dk\/?page_id=7934"},"modified":"2025-10-29T15:31:35","modified_gmt":"2025-10-29T14:31:35","slug":"general-terms-conditions","status":"publish","type":"page","link":"https:\/\/alsik.dk\/en\/general-terms-conditions\/","title":{"rendered":"General terms &#038; conditions"},"content":{"rendered":"<p><a href=\"https:\/\/alsik.dk\/wp-content\/uploads\/2025\/10\/alsik-betingelser-en-oktober-2025.pdf\">Read our general terms &amp; conditions<\/a><\/p>\n","protected":false},"excerpt":{"rendered":"<p>Read our general terms &amp; conditions<\/p>\n","protected":false},"author":7,"featured_media":0,"parent":0,"menu_order":0,"comment_status":"closed","ping_status":"closed","template":"","meta":{"_acf_changed":false,"footnotes":""},"tags":[],"class_list":["post-7934","page","type-page","status-publish","hentry"],"acf":[],"yoast_head":"<!-- This site is optimized with the Yoast SEO plugin v24.3 - https:\/\/yoast.com\/wordpress\/plugins\/seo\/ -->\n<title>General terms &amp; conditions | Alsik Hotel &amp; Spa<\/title>\n<meta name=\"description\" content=\"Here you will find Alsik Hotel &amp; Spas general terms &amp; conditions that apply to all departments of the hotel.\" \/>\n<meta name=\"robots\" content=\"index, follow, max-snippet:-1, max-image-preview:large, max-video-preview:-1\" \/>\n<link rel=\"canonical\" href=\"https:\/\/alsik.dk\/en\/general-terms-conditions\/\" \/>\n<meta property=\"og:locale\" content=\"en_US\" \/>\n<meta property=\"og:type\" content=\"article\" \/>\n<meta property=\"og:title\" content=\"General terms &amp; conditions | Alsik Hotel &amp; Spa\" \/>\n<meta property=\"og:description\" content=\"Here you will find Alsik Hotel &amp; Spas general terms &amp; conditions that apply to all departments of the hotel.\" \/>\n<meta property=\"og:url\" content=\"https:\/\/alsik.dk\/en\/general-terms-conditions\/\" \/>\n<meta property=\"og:site_name\" content=\"Alsik Hotel &amp; Spa\" \/>\n<meta property=\"article:modified_time\" content=\"2025-10-29T14:31:35+00:00\" \/>\n<meta name=\"twitter:card\" content=\"summary_large_image\" \/>\n<meta name=\"twitter:label1\" content=\"Est. reading time\" \/>\n\t<meta name=\"twitter:data1\" content=\"1 minute\" \/>\n<script type=\"application\/ld+json\" class=\"yoast-schema-graph\">{\"@context\":\"https:\/\/schema.org\",\"@graph\":[{\"@type\":\"WebPage\",\"@id\":\"https:\/\/alsik.dk\/en\/general-terms-conditions\/\",\"url\":\"https:\/\/alsik.dk\/en\/general-terms-conditions\/\",\"name\":\"General terms & conditions | Alsik Hotel &amp; Spa\",\"isPartOf\":{\"@id\":\"https:\/\/alsik.dk\/en\/#website\"},\"datePublished\":\"2021-04-12T08:41:30+00:00\",\"dateModified\":\"2025-10-29T14:31:35+00:00\",\"description\":\"Here you will find Alsik Hotel & Spas general terms & conditions that apply to all departments of the hotel.\",\"breadcrumb\":{\"@id\":\"https:\/\/alsik.dk\/en\/general-terms-conditions\/#breadcrumb\"},\"inLanguage\":\"en-US\",\"potentialAction\":[{\"@type\":\"ReadAction\",\"target\":[\"https:\/\/alsik.dk\/en\/general-terms-conditions\/\"]}]},{\"@type\":\"BreadcrumbList\",\"@id\":\"https:\/\/alsik.dk\/en\/general-terms-conditions\/#breadcrumb\",\"itemListElement\":[{\"@type\":\"ListItem\",\"position\":1,\"name\":\"Hjem\",\"item\":\"https:\/\/alsik.dk\/en\/\"},{\"@type\":\"ListItem\",\"position\":2,\"name\":\"General terms &#038; conditions\"}]},{\"@type\":\"WebSite\",\"@id\":\"https:\/\/alsik.dk\/en\/#website\",\"url\":\"https:\/\/alsik.dk\/en\/\",\"name\":\"Alsik Hotel &amp; Spa\",\"description\":\"Alsik er et af Danmarks mest sp\u00e6ndende hoteller med stilfulde og topmoderne v\u00e6relser. Her venter en verden af luksuri\u00f8s og hyggelig. Oplev Danmarks st\u00f8rste spa med flere end 60 forskellige spa- og wellnessoplevelser fordelt p\u00e5 4.500 kvadratmeter og fire etager. Eller fork\u00e6l sanserne med gastronomi i s\u00e6rklasse i Alsiks tre restauranter.\",\"potentialAction\":[{\"@type\":\"SearchAction\",\"target\":{\"@type\":\"EntryPoint\",\"urlTemplate\":\"https:\/\/alsik.dk\/en\/?s={search_term_string}\"},\"query-input\":{\"@type\":\"PropertyValueSpecification\",\"valueRequired\":true,\"valueName\":\"search_term_string\"}}],\"inLanguage\":\"en-US\"}]}<\/script>\n<!-- \/ Yoast SEO plugin. -->","yoast_head_json":{"title":"General terms & conditions | Alsik Hotel &amp; Spa","description":"Here you will find Alsik Hotel & Spas general terms & conditions that apply to all departments of the hotel.","robots":{"index":"index","follow":"follow","max-snippet":"max-snippet:-1","max-image-preview":"max-image-preview:large","max-video-preview":"max-video-preview:-1"},"canonical":"https:\/\/alsik.dk\/en\/general-terms-conditions\/","og_locale":"en_US","og_type":"article","og_title":"General terms & conditions | Alsik Hotel &amp; Spa","og_description":"Here you will find Alsik Hotel & Spas general terms & conditions that apply to all departments of the hotel.","og_url":"https:\/\/alsik.dk\/en\/general-terms-conditions\/","og_site_name":"Alsik Hotel &amp; Spa","article_modified_time":"2025-10-29T14:31:35+00:00","twitter_card":"summary_large_image","twitter_misc":{"Est. reading time":"1 minute"},"schema":{"@context":"https:\/\/schema.org","@graph":[{"@type":"WebPage","@id":"https:\/\/alsik.dk\/en\/general-terms-conditions\/","url":"https:\/\/alsik.dk\/en\/general-terms-conditions\/","name":"General terms & conditions | Alsik Hotel &amp; Spa","isPartOf":{"@id":"https:\/\/alsik.dk\/en\/#website"},"datePublished":"2021-04-12T08:41:30+00:00","dateModified":"2025-10-29T14:31:35+00:00","description":"Here you will find Alsik Hotel & Spas general terms & conditions that apply to all departments of the hotel.","breadcrumb":{"@id":"https:\/\/alsik.dk\/en\/general-terms-conditions\/#breadcrumb"},"inLanguage":"en-US","potentialAction":[{"@type":"ReadAction","target":["https:\/\/alsik.dk\/en\/general-terms-conditions\/"]}]},{"@type":"BreadcrumbList","@id":"https:\/\/alsik.dk\/en\/general-terms-conditions\/#breadcrumb","itemListElement":[{"@type":"ListItem","position":1,"name":"Hjem","item":"https:\/\/alsik.dk\/en\/"},{"@type":"ListItem","position":2,"name":"General terms &#038; conditions"}]},{"@type":"WebSite","@id":"https:\/\/alsik.dk\/en\/#website","url":"https:\/\/alsik.dk\/en\/","name":"Alsik Hotel &amp; Spa","description":"Alsik er et af Danmarks mest sp\u00e6ndende hoteller med stilfulde og topmoderne v\u00e6relser. Her venter en verden af luksuri\u00f8s og hyggelig. Oplev Danmarks st\u00f8rste spa med flere end 60 forskellige spa- og wellnessoplevelser fordelt p\u00e5 4.500 kvadratmeter og fire etager. Eller fork\u00e6l sanserne med gastronomi i s\u00e6rklasse i Alsiks tre restauranter.","potentialAction":[{"@type":"SearchAction","target":{"@type":"EntryPoint","urlTemplate":"https:\/\/alsik.dk\/en\/?s={search_term_string}"},"query-input":{"@type":"PropertyValueSpecification","valueRequired":true,"valueName":"search_term_string"}}],"inLanguage":"en-US"}]}},"_links":{"self":[{"href":"https:\/\/alsik.dk\/en\/wp-json\/wp\/v2\/pages\/7934","targetHints":{"allow":["GET"]}}],"collection":[{"href":"https:\/\/alsik.dk\/en\/wp-json\/wp\/v2\/pages"}],"about":[{"href":"https:\/\/alsik.dk\/en\/wp-json\/wp\/v2\/types\/page"}],"author":[{"embeddable":true,"href":"https:\/\/alsik.dk\/en\/wp-json\/wp\/v2\/users\/7"}],"replies":[{"embeddable":true,"href":"https:\/\/alsik.dk\/en\/wp-json\/wp\/v2\/comments?post=7934"}],"version-history":[{"count":8,"href":"https:\/\/alsik.dk\/en\/wp-json\/wp\/v2\/pages\/7934\/revisions"}],"predecessor-version":[{"id":16884,"href":"https:\/\/alsik.dk\/en\/wp-json\/wp\/v2\/pages\/7934\/revisions\/16884"}],"wp:attachment":[{"href":"https:\/\/alsik.dk\/en\/wp-json\/wp\/v2\/media?parent=7934"}],"wp:term":[{"taxonomy":"post_tag","embeddable":true,"href":"https:\/\/alsik.dk\/en\/wp-json\/wp\/v2\/tags?post=7934"}],"curies":[{"name":"wp","href":"https:\/\/api.w.org\/{rel}","templated":true}]}}