{"id":9198,"date":"2021-10-08T13:39:07","date_gmt":"2021-10-08T11:39:07","guid":{"rendered":"https:\/\/alsik.dk\/?page_id=9198"},"modified":"2026-03-27T10:32:39","modified_gmt":"2026-03-27T09:32:39","slug":"gourmet-stay-with-dinner-at-syttende","status":"publish","type":"page","link":"https:\/\/alsik.dk\/en\/special-stays\/gourmet-stay-with-dinner-at-syttende\/","title":{"rendered":"Gourmet stay with dinner at Syttende"},"content":{"rendered":"<p>Enjoy an exclusive stay at Alsik with dinner at Syttende and access to the Alsik Spa.<\/p>\n<hr \/>\n<p style=\"text-align: right;\">From DKK 7.280,- for 1 person<br \/>\nFrom DKK 10.460,- for 2 persons<\/p>\n<hr \/>\n<p>&nbsp;<\/p>\n","protected":false},"excerpt":{"rendered":"<p>Enjoy an exclusive stay at Alsik with dinner at Syttende, accommodation in a suite and access to the Alsik Spa.<\/p>\n","protected":false},"author":7,"featured_media":17068,"parent":5567,"menu_order":0,"comment_status":"closed","ping_status":"closed","template":"","meta":{"_acf_changed":false,"footnotes":""},"tags":[],"class_list":["post-9198","page","type-page","status-publish","has-post-thumbnail","hentry"],"acf":[],"yoast_head":"<!-- This site is optimized with the Yoast SEO plugin v24.3 - https:\/\/yoast.com\/wordpress\/plugins\/seo\/ -->\n<title>Gourmet stay with dinner at Syttende | Alsik Hotel &amp; Spa<\/title>\n<meta name=\"description\" content=\"Enjoy an exclusive stay at Alsik with dinner at Michelin-restaurant Syttende, accommodation in a suite and access to the Alsik Spa.\" \/>\n<meta name=\"robots\" content=\"index, follow, max-snippet:-1, max-image-preview:large, max-video-preview:-1\" \/>\n<link rel=\"canonical\" href=\"https:\/\/alsik.dk\/en\/special-stays\/gourmet-stay-with-dinner-at-syttende\/\" \/>\n<meta property=\"og:locale\" content=\"en_US\" \/>\n<meta property=\"og:type\" content=\"article\" \/>\n<meta property=\"og:title\" content=\"Gourmet stay with dinner at Syttende | Alsik Hotel &amp; Spa\" \/>\n<meta property=\"og:description\" content=\"Enjoy an exclusive stay at Alsik with dinner at Michelin-restaurant Syttende, accommodation in a suite and access to the Alsik Spa.\" \/>\n<meta property=\"og:url\" content=\"https:\/\/alsik.dk\/en\/special-stays\/gourmet-stay-with-dinner-at-syttende\/\" \/>\n<meta property=\"og:site_name\" content=\"Alsik Hotel &amp; Spa\" \/>\n<meta property=\"article:modified_time\" content=\"2026-03-27T09:32:39+00:00\" \/>\n<meta property=\"og:image\" content=\"https:\/\/alsik.dk\/wp-content\/uploads\/2025\/11\/syttende-2025-2.jpg\" \/>\n\t<meta property=\"og:image:width\" content=\"1800\" \/>\n\t<meta property=\"og:image:height\" content=\"1200\" \/>\n\t<meta property=\"og:image:type\" content=\"image\/jpeg\" \/>\n<meta name=\"twitter:card\" content=\"summary_large_image\" \/>\n<meta name=\"twitter:label1\" content=\"Est. reading time\" \/>\n\t<meta name=\"twitter:data1\" content=\"1 minute\" \/>\n<script type=\"application\/ld+json\" class=\"yoast-schema-graph\">{\"@context\":\"https:\/\/schema.org\",\"@graph\":[{\"@type\":\"WebPage\",\"@id\":\"https:\/\/alsik.dk\/en\/special-stays\/gourmet-stay-with-dinner-at-syttende\/\",\"url\":\"https:\/\/alsik.dk\/en\/special-stays\/gourmet-stay-with-dinner-at-syttende\/\",\"name\":\"Gourmet stay with dinner at Syttende | Alsik Hotel &amp; Spa\",\"isPartOf\":{\"@id\":\"https:\/\/alsik.dk\/en\/#website\"},\"primaryImageOfPage\":{\"@id\":\"https:\/\/alsik.dk\/en\/special-stays\/gourmet-stay-with-dinner-at-syttende\/#primaryimage\"},\"image\":{\"@id\":\"https:\/\/alsik.dk\/en\/special-stays\/gourmet-stay-with-dinner-at-syttende\/#primaryimage\"},\"thumbnailUrl\":\"https:\/\/alsik.dk\/wp-content\/uploads\/2025\/11\/syttende-2025-2.jpg\",\"datePublished\":\"2021-10-08T11:39:07+00:00\",\"dateModified\":\"2026-03-27T09:32:39+00:00\",\"description\":\"Enjoy an exclusive stay at Alsik with dinner at Michelin-restaurant Syttende, accommodation in a suite and access to the Alsik Spa.\",\"breadcrumb\":{\"@id\":\"https:\/\/alsik.dk\/en\/special-stays\/gourmet-stay-with-dinner-at-syttende\/#breadcrumb\"},\"inLanguage\":\"en-US\",\"potentialAction\":[{\"@type\":\"ReadAction\",\"target\":[\"https:\/\/alsik.dk\/en\/special-stays\/gourmet-stay-with-dinner-at-syttende\/\"]}]},{\"@type\":\"ImageObject\",\"inLanguage\":\"en-US\",\"@id\":\"https:\/\/alsik.dk\/en\/special-stays\/gourmet-stay-with-dinner-at-syttende\/#primaryimage\",\"url\":\"https:\/\/alsik.dk\/wp-content\/uploads\/2025\/11\/syttende-2025-2.jpg\",\"contentUrl\":\"https:\/\/alsik.dk\/wp-content\/uploads\/2025\/11\/syttende-2025-2.jpg\",\"width\":1800,\"height\":1200},{\"@type\":\"BreadcrumbList\",\"@id\":\"https:\/\/alsik.dk\/en\/special-stays\/gourmet-stay-with-dinner-at-syttende\/#breadcrumb\",\"itemListElement\":[{\"@type\":\"ListItem\",\"position\":1,\"name\":\"Hjem\",\"item\":\"https:\/\/alsik.dk\/en\/\"},{\"@type\":\"ListItem\",\"position\":2,\"name\":\"Enjoy a special stay at Alsik\",\"item\":\"https:\/\/alsik.dk\/en\/special-stays\/\"},{\"@type\":\"ListItem\",\"position\":3,\"name\":\"Gourmet stay with dinner at Syttende\"}]},{\"@type\":\"WebSite\",\"@id\":\"https:\/\/alsik.dk\/en\/#website\",\"url\":\"https:\/\/alsik.dk\/en\/\",\"name\":\"Alsik Hotel &amp; Spa\",\"description\":\"Alsik er et af Danmarks mest sp\u00e6ndende hoteller med stilfulde og topmoderne v\u00e6relser. Her venter en verden af luksuri\u00f8s og hyggelig. Oplev Danmarks st\u00f8rste spa med flere end 60 forskellige spa- og wellnessoplevelser fordelt p\u00e5 4.500 kvadratmeter og fire etager. Eller fork\u00e6l sanserne med gastronomi i s\u00e6rklasse i Alsiks tre restauranter.\",\"potentialAction\":[{\"@type\":\"SearchAction\",\"target\":{\"@type\":\"EntryPoint\",\"urlTemplate\":\"https:\/\/alsik.dk\/en\/?s={search_term_string}\"},\"query-input\":{\"@type\":\"PropertyValueSpecification\",\"valueRequired\":true,\"valueName\":\"search_term_string\"}}],\"inLanguage\":\"en-US\"}]}<\/script>\n<!-- \/ Yoast SEO plugin. -->","yoast_head_json":{"title":"Gourmet stay with dinner at Syttende | Alsik Hotel &amp; Spa","description":"Enjoy an exclusive stay at Alsik with dinner at Michelin-restaurant Syttende, accommodation in a suite and access to the Alsik Spa.","robots":{"index":"index","follow":"follow","max-snippet":"max-snippet:-1","max-image-preview":"max-image-preview:large","max-video-preview":"max-video-preview:-1"},"canonical":"https:\/\/alsik.dk\/en\/special-stays\/gourmet-stay-with-dinner-at-syttende\/","og_locale":"en_US","og_type":"article","og_title":"Gourmet stay with dinner at Syttende | Alsik Hotel &amp; Spa","og_description":"Enjoy an exclusive stay at Alsik with dinner at Michelin-restaurant Syttende, accommodation in a suite and access to the Alsik Spa.","og_url":"https:\/\/alsik.dk\/en\/special-stays\/gourmet-stay-with-dinner-at-syttende\/","og_site_name":"Alsik Hotel &amp; Spa","article_modified_time":"2026-03-27T09:32:39+00:00","og_image":[{"width":1800,"height":1200,"url":"https:\/\/alsik.dk\/wp-content\/uploads\/2025\/11\/syttende-2025-2.jpg","type":"image\/jpeg"}],"twitter_card":"summary_large_image","twitter_misc":{"Est. reading time":"1 minute"},"schema":{"@context":"https:\/\/schema.org","@graph":[{"@type":"WebPage","@id":"https:\/\/alsik.dk\/en\/special-stays\/gourmet-stay-with-dinner-at-syttende\/","url":"https:\/\/alsik.dk\/en\/special-stays\/gourmet-stay-with-dinner-at-syttende\/","name":"Gourmet stay with dinner at Syttende | Alsik Hotel &amp; Spa","isPartOf":{"@id":"https:\/\/alsik.dk\/en\/#website"},"primaryImageOfPage":{"@id":"https:\/\/alsik.dk\/en\/special-stays\/gourmet-stay-with-dinner-at-syttende\/#primaryimage"},"image":{"@id":"https:\/\/alsik.dk\/en\/special-stays\/gourmet-stay-with-dinner-at-syttende\/#primaryimage"},"thumbnailUrl":"https:\/\/alsik.dk\/wp-content\/uploads\/2025\/11\/syttende-2025-2.jpg","datePublished":"2021-10-08T11:39:07+00:00","dateModified":"2026-03-27T09:32:39+00:00","description":"Enjoy an exclusive stay at Alsik with dinner at Michelin-restaurant Syttende, accommodation in a suite and access to the Alsik Spa.","breadcrumb":{"@id":"https:\/\/alsik.dk\/en\/special-stays\/gourmet-stay-with-dinner-at-syttende\/#breadcrumb"},"inLanguage":"en-US","potentialAction":[{"@type":"ReadAction","target":["https:\/\/alsik.dk\/en\/special-stays\/gourmet-stay-with-dinner-at-syttende\/"]}]},{"@type":"ImageObject","inLanguage":"en-US","@id":"https:\/\/alsik.dk\/en\/special-stays\/gourmet-stay-with-dinner-at-syttende\/#primaryimage","url":"https:\/\/alsik.dk\/wp-content\/uploads\/2025\/11\/syttende-2025-2.jpg","contentUrl":"https:\/\/alsik.dk\/wp-content\/uploads\/2025\/11\/syttende-2025-2.jpg","width":1800,"height":1200},{"@type":"BreadcrumbList","@id":"https:\/\/alsik.dk\/en\/special-stays\/gourmet-stay-with-dinner-at-syttende\/#breadcrumb","itemListElement":[{"@type":"ListItem","position":1,"name":"Hjem","item":"https:\/\/alsik.dk\/en\/"},{"@type":"ListItem","position":2,"name":"Enjoy a special stay at Alsik","item":"https:\/\/alsik.dk\/en\/special-stays\/"},{"@type":"ListItem","position":3,"name":"Gourmet stay with dinner at Syttende"}]},{"@type":"WebSite","@id":"https:\/\/alsik.dk\/en\/#website","url":"https:\/\/alsik.dk\/en\/","name":"Alsik Hotel &amp; Spa","description":"Alsik er et af Danmarks mest sp\u00e6ndende hoteller med stilfulde og topmoderne v\u00e6relser. Her venter en verden af luksuri\u00f8s og hyggelig. Oplev Danmarks st\u00f8rste spa med flere end 60 forskellige spa- og wellnessoplevelser fordelt p\u00e5 4.500 kvadratmeter og fire etager. Eller fork\u00e6l sanserne med gastronomi i s\u00e6rklasse i Alsiks tre restauranter.","potentialAction":[{"@type":"SearchAction","target":{"@type":"EntryPoint","urlTemplate":"https:\/\/alsik.dk\/en\/?s={search_term_string}"},"query-input":{"@type":"PropertyValueSpecification","valueRequired":true,"valueName":"search_term_string"}}],"inLanguage":"en-US"}]}},"_links":{"self":[{"href":"https:\/\/alsik.dk\/en\/wp-json\/wp\/v2\/pages\/9198","targetHints":{"allow":["GET"]}}],"collection":[{"href":"https:\/\/alsik.dk\/en\/wp-json\/wp\/v2\/pages"}],"about":[{"href":"https:\/\/alsik.dk\/en\/wp-json\/wp\/v2\/types\/page"}],"author":[{"embeddable":true,"href":"https:\/\/alsik.dk\/en\/wp-json\/wp\/v2\/users\/7"}],"replies":[{"embeddable":true,"href":"https:\/\/alsik.dk\/en\/wp-json\/wp\/v2\/comments?post=9198"}],"version-history":[{"count":30,"href":"https:\/\/alsik.dk\/en\/wp-json\/wp\/v2\/pages\/9198\/revisions"}],"predecessor-version":[{"id":18132,"href":"https:\/\/alsik.dk\/en\/wp-json\/wp\/v2\/pages\/9198\/revisions\/18132"}],"up":[{"embeddable":true,"href":"https:\/\/alsik.dk\/en\/wp-json\/wp\/v2\/pages\/5567"}],"wp:featuredmedia":[{"embeddable":true,"href":"https:\/\/alsik.dk\/en\/wp-json\/wp\/v2\/media\/17068"}],"wp:attachment":[{"href":"https:\/\/alsik.dk\/en\/wp-json\/wp\/v2\/media?parent=9198"}],"wp:term":[{"taxonomy":"post_tag","embeddable":true,"href":"https:\/\/alsik.dk\/en\/wp-json\/wp\/v2\/tags?post=9198"}],"curies":[{"name":"wp","href":"https:\/\/api.w.org\/{rel}","templated":true}]}}