{"id":9649,"date":"2022-02-07T14:24:50","date_gmt":"2022-02-07T13:24:50","guid":{"rendered":"https:\/\/alsik.dk\/?page_id=9649"},"modified":"2023-06-05T15:42:38","modified_gmt":"2023-06-05T13:42:38","slug":"disabled-friendly-rooms","status":"publish","type":"page","link":"https:\/\/alsik.dk\/en\/rooms-suites\/disabled-friendly-rooms\/","title":{"rendered":"Alsik Accessible &#8211; disabled-friendly rooms"},"content":{"rendered":"<p>A disabled-friendly room, Alsik Accessible, is 26.6 m2 in size, and is designed to provide you with additional floor space and disabled-friendly bathroom and toilet facilities.<\/p>\n<p>The large floor-to-ceiling windows provide stunning natural light that showcases the natural materials and beautiful furnishings. Enjoy the stylish and tranquil environment of the room while taking in the view of S\u00f8nderborg and the Alssund.<\/p>\n","protected":false},"excerpt":{"rendered":"<p>A disabled-friendly room, Alsik Accessible, is 26.6 m2 in size, and is designed to provide you with additional floor space and disabled-friendly bathroom and toilet facilities.<\/p>\n","protected":false},"author":7,"featured_media":8454,"parent":4973,"menu_order":0,"comment_status":"closed","ping_status":"closed","template":"","meta":{"_acf_changed":false,"footnotes":""},"tags":[],"class_list":["post-9649","page","type-page","status-publish","has-post-thumbnail","hentry"],"acf":[],"yoast_head":"<!-- This site is optimized with the Yoast SEO plugin v24.3 - https:\/\/yoast.com\/wordpress\/plugins\/seo\/ -->\n<title>Alsik Accessible - disabled-friendly rooms | Alsik Hotel &amp; Spa<\/title>\n<meta name=\"description\" content=\"Alsik Accessible disabled-friendly room is designed to provide additional floor space, disabled-friendly bathroom and toilet facilities.\" \/>\n<meta name=\"robots\" content=\"index, follow, max-snippet:-1, max-image-preview:large, max-video-preview:-1\" \/>\n<link rel=\"canonical\" href=\"https:\/\/alsik.dk\/en\/rooms-suites\/disabled-friendly-rooms\/\" \/>\n<meta property=\"og:locale\" content=\"en_US\" \/>\n<meta property=\"og:type\" content=\"article\" \/>\n<meta property=\"og:title\" content=\"Alsik Accessible - disabled-friendly rooms | Alsik Hotel &amp; Spa\" \/>\n<meta property=\"og:description\" content=\"Alsik Accessible disabled-friendly room is designed to provide additional floor space, disabled-friendly bathroom and toilet facilities.\" \/>\n<meta property=\"og:url\" content=\"https:\/\/alsik.dk\/en\/rooms-suites\/disabled-friendly-rooms\/\" \/>\n<meta property=\"og:site_name\" content=\"Alsik Hotel &amp; Spa\" \/>\n<meta property=\"article:modified_time\" content=\"2023-06-05T13:42:38+00:00\" \/>\n<meta property=\"og:image\" content=\"https:\/\/alsik.dk\/wp-content\/uploads\/2021\/06\/Alisk-handicapvaerelse-udsigt-Soenderborg.jpg\" \/>\n\t<meta property=\"og:image:width\" content=\"2048\" \/>\n\t<meta property=\"og:image:height\" content=\"1366\" \/>\n\t<meta property=\"og:image:type\" content=\"image\/jpeg\" \/>\n<meta name=\"twitter:card\" content=\"summary_large_image\" \/>\n<meta name=\"twitter:label1\" content=\"Est. reading time\" \/>\n\t<meta name=\"twitter:data1\" content=\"1 minute\" \/>\n<script type=\"application\/ld+json\" class=\"yoast-schema-graph\">{\"@context\":\"https:\/\/schema.org\",\"@graph\":[{\"@type\":\"WebPage\",\"@id\":\"https:\/\/alsik.dk\/en\/rooms-suites\/disabled-friendly-rooms\/\",\"url\":\"https:\/\/alsik.dk\/en\/rooms-suites\/disabled-friendly-rooms\/\",\"name\":\"Alsik Accessible - disabled-friendly rooms | Alsik Hotel &amp; Spa\",\"isPartOf\":{\"@id\":\"https:\/\/alsik.dk\/en\/#website\"},\"primaryImageOfPage\":{\"@id\":\"https:\/\/alsik.dk\/en\/rooms-suites\/disabled-friendly-rooms\/#primaryimage\"},\"image\":{\"@id\":\"https:\/\/alsik.dk\/en\/rooms-suites\/disabled-friendly-rooms\/#primaryimage\"},\"thumbnailUrl\":\"https:\/\/alsik.dk\/wp-content\/uploads\/2021\/06\/Alisk-handicapvaerelse-udsigt-Soenderborg.jpg\",\"datePublished\":\"2022-02-07T13:24:50+00:00\",\"dateModified\":\"2023-06-05T13:42:38+00:00\",\"description\":\"Alsik Accessible disabled-friendly room is designed to provide additional floor space, disabled-friendly bathroom and toilet facilities.\",\"breadcrumb\":{\"@id\":\"https:\/\/alsik.dk\/en\/rooms-suites\/disabled-friendly-rooms\/#breadcrumb\"},\"inLanguage\":\"en-US\",\"potentialAction\":[{\"@type\":\"ReadAction\",\"target\":[\"https:\/\/alsik.dk\/en\/rooms-suites\/disabled-friendly-rooms\/\"]}]},{\"@type\":\"ImageObject\",\"inLanguage\":\"en-US\",\"@id\":\"https:\/\/alsik.dk\/en\/rooms-suites\/disabled-friendly-rooms\/#primaryimage\",\"url\":\"https:\/\/alsik.dk\/wp-content\/uploads\/2021\/06\/Alisk-handicapvaerelse-udsigt-Soenderborg.jpg\",\"contentUrl\":\"https:\/\/alsik.dk\/wp-content\/uploads\/2021\/06\/Alisk-handicapvaerelse-udsigt-Soenderborg.jpg\",\"width\":2048,\"height\":1366,\"caption\":\"Udsigten over S\u00f8nderborg fra et handicapvenligt v\u00e6relse\"},{\"@type\":\"BreadcrumbList\",\"@id\":\"https:\/\/alsik.dk\/en\/rooms-suites\/disabled-friendly-rooms\/#breadcrumb\",\"itemListElement\":[{\"@type\":\"ListItem\",\"position\":1,\"name\":\"Hjem\",\"item\":\"https:\/\/alsik.dk\/en\/\"},{\"@type\":\"ListItem\",\"position\":2,\"name\":\"Rooms &#038; Suites\",\"item\":\"https:\/\/alsik.dk\/en\/rooms-suites\/\"},{\"@type\":\"ListItem\",\"position\":3,\"name\":\"Alsik Accessible &#8211; disabled-friendly rooms\"}]},{\"@type\":\"WebSite\",\"@id\":\"https:\/\/alsik.dk\/en\/#website\",\"url\":\"https:\/\/alsik.dk\/en\/\",\"name\":\"Alsik Hotel &amp; Spa\",\"description\":\"Alsik er et af Danmarks mest sp\u00e6ndende hoteller med stilfulde og topmoderne v\u00e6relser. Her venter en verden af luksuri\u00f8s og hyggelig. Oplev Danmarks st\u00f8rste spa med flere end 60 forskellige spa- og wellnessoplevelser fordelt p\u00e5 4.500 kvadratmeter og fire etager. Eller fork\u00e6l sanserne med gastronomi i s\u00e6rklasse i Alsiks tre restauranter.\",\"potentialAction\":[{\"@type\":\"SearchAction\",\"target\":{\"@type\":\"EntryPoint\",\"urlTemplate\":\"https:\/\/alsik.dk\/en\/?s={search_term_string}\"},\"query-input\":{\"@type\":\"PropertyValueSpecification\",\"valueRequired\":true,\"valueName\":\"search_term_string\"}}],\"inLanguage\":\"en-US\"}]}<\/script>\n<!-- \/ Yoast SEO plugin. -->","yoast_head_json":{"title":"Alsik Accessible - disabled-friendly rooms | Alsik Hotel &amp; Spa","description":"Alsik Accessible disabled-friendly room is designed to provide additional floor space, disabled-friendly bathroom and toilet facilities.","robots":{"index":"index","follow":"follow","max-snippet":"max-snippet:-1","max-image-preview":"max-image-preview:large","max-video-preview":"max-video-preview:-1"},"canonical":"https:\/\/alsik.dk\/en\/rooms-suites\/disabled-friendly-rooms\/","og_locale":"en_US","og_type":"article","og_title":"Alsik Accessible - disabled-friendly rooms | Alsik Hotel &amp; Spa","og_description":"Alsik Accessible disabled-friendly room is designed to provide additional floor space, disabled-friendly bathroom and toilet facilities.","og_url":"https:\/\/alsik.dk\/en\/rooms-suites\/disabled-friendly-rooms\/","og_site_name":"Alsik Hotel &amp; Spa","article_modified_time":"2023-06-05T13:42:38+00:00","og_image":[{"width":2048,"height":1366,"url":"https:\/\/alsik.dk\/wp-content\/uploads\/2021\/06\/Alisk-handicapvaerelse-udsigt-Soenderborg.jpg","type":"image\/jpeg"}],"twitter_card":"summary_large_image","twitter_misc":{"Est. reading time":"1 minute"},"schema":{"@context":"https:\/\/schema.org","@graph":[{"@type":"WebPage","@id":"https:\/\/alsik.dk\/en\/rooms-suites\/disabled-friendly-rooms\/","url":"https:\/\/alsik.dk\/en\/rooms-suites\/disabled-friendly-rooms\/","name":"Alsik Accessible - disabled-friendly rooms | Alsik Hotel &amp; Spa","isPartOf":{"@id":"https:\/\/alsik.dk\/en\/#website"},"primaryImageOfPage":{"@id":"https:\/\/alsik.dk\/en\/rooms-suites\/disabled-friendly-rooms\/#primaryimage"},"image":{"@id":"https:\/\/alsik.dk\/en\/rooms-suites\/disabled-friendly-rooms\/#primaryimage"},"thumbnailUrl":"https:\/\/alsik.dk\/wp-content\/uploads\/2021\/06\/Alisk-handicapvaerelse-udsigt-Soenderborg.jpg","datePublished":"2022-02-07T13:24:50+00:00","dateModified":"2023-06-05T13:42:38+00:00","description":"Alsik Accessible disabled-friendly room is designed to provide additional floor space, disabled-friendly bathroom and toilet facilities.","breadcrumb":{"@id":"https:\/\/alsik.dk\/en\/rooms-suites\/disabled-friendly-rooms\/#breadcrumb"},"inLanguage":"en-US","potentialAction":[{"@type":"ReadAction","target":["https:\/\/alsik.dk\/en\/rooms-suites\/disabled-friendly-rooms\/"]}]},{"@type":"ImageObject","inLanguage":"en-US","@id":"https:\/\/alsik.dk\/en\/rooms-suites\/disabled-friendly-rooms\/#primaryimage","url":"https:\/\/alsik.dk\/wp-content\/uploads\/2021\/06\/Alisk-handicapvaerelse-udsigt-Soenderborg.jpg","contentUrl":"https:\/\/alsik.dk\/wp-content\/uploads\/2021\/06\/Alisk-handicapvaerelse-udsigt-Soenderborg.jpg","width":2048,"height":1366,"caption":"Udsigten over S\u00f8nderborg fra et handicapvenligt v\u00e6relse"},{"@type":"BreadcrumbList","@id":"https:\/\/alsik.dk\/en\/rooms-suites\/disabled-friendly-rooms\/#breadcrumb","itemListElement":[{"@type":"ListItem","position":1,"name":"Hjem","item":"https:\/\/alsik.dk\/en\/"},{"@type":"ListItem","position":2,"name":"Rooms &#038; Suites","item":"https:\/\/alsik.dk\/en\/rooms-suites\/"},{"@type":"ListItem","position":3,"name":"Alsik Accessible &#8211; disabled-friendly rooms"}]},{"@type":"WebSite","@id":"https:\/\/alsik.dk\/en\/#website","url":"https:\/\/alsik.dk\/en\/","name":"Alsik Hotel &amp; Spa","description":"Alsik er et af Danmarks mest sp\u00e6ndende hoteller med stilfulde og topmoderne v\u00e6relser. Her venter en verden af luksuri\u00f8s og hyggelig. Oplev Danmarks st\u00f8rste spa med flere end 60 forskellige spa- og wellnessoplevelser fordelt p\u00e5 4.500 kvadratmeter og fire etager. Eller fork\u00e6l sanserne med gastronomi i s\u00e6rklasse i Alsiks tre restauranter.","potentialAction":[{"@type":"SearchAction","target":{"@type":"EntryPoint","urlTemplate":"https:\/\/alsik.dk\/en\/?s={search_term_string}"},"query-input":{"@type":"PropertyValueSpecification","valueRequired":true,"valueName":"search_term_string"}}],"inLanguage":"en-US"}]}},"_links":{"self":[{"href":"https:\/\/alsik.dk\/en\/wp-json\/wp\/v2\/pages\/9649","targetHints":{"allow":["GET"]}}],"collection":[{"href":"https:\/\/alsik.dk\/en\/wp-json\/wp\/v2\/pages"}],"about":[{"href":"https:\/\/alsik.dk\/en\/wp-json\/wp\/v2\/types\/page"}],"author":[{"embeddable":true,"href":"https:\/\/alsik.dk\/en\/wp-json\/wp\/v2\/users\/7"}],"replies":[{"embeddable":true,"href":"https:\/\/alsik.dk\/en\/wp-json\/wp\/v2\/comments?post=9649"}],"version-history":[{"count":13,"href":"https:\/\/alsik.dk\/en\/wp-json\/wp\/v2\/pages\/9649\/revisions"}],"predecessor-version":[{"id":12288,"href":"https:\/\/alsik.dk\/en\/wp-json\/wp\/v2\/pages\/9649\/revisions\/12288"}],"up":[{"embeddable":true,"href":"https:\/\/alsik.dk\/en\/wp-json\/wp\/v2\/pages\/4973"}],"wp:featuredmedia":[{"embeddable":true,"href":"https:\/\/alsik.dk\/en\/wp-json\/wp\/v2\/media\/8454"}],"wp:attachment":[{"href":"https:\/\/alsik.dk\/en\/wp-json\/wp\/v2\/media?parent=9649"}],"wp:term":[{"taxonomy":"post_tag","embeddable":true,"href":"https:\/\/alsik.dk\/en\/wp-json\/wp\/v2\/tags?post=9649"}],"curies":[{"name":"wp","href":"https:\/\/api.w.org\/{rel}","templated":true}]}}