{"id":9721,"date":"2022-02-18T13:17:00","date_gmt":"2022-02-18T12:17:00","guid":{"rendered":"https:\/\/alsik.dk\/?page_id=9721"},"modified":"2022-04-11T09:36:35","modified_gmt":"2022-04-11T07:36:35","slug":"take-your-dog-on-holiday","status":"publish","type":"page","link":"https:\/\/alsik.dk\/en\/take-your-dog-on-holiday\/","title":{"rendered":"Take your dog on holiday"},"content":{"rendered":"<p>Bringing your dog to the hotel? At Alsik, we offer a dog-friendly setting.<\/p>\n<p>Man&#8217;s best friend is always very welcome when you stay at Alsik Hotel.<\/p>\n<p>We have a number of rooms specially designed for you to bring your pet when you visit S\u00f8nderborg.<\/p>\n<p>Just select it under \u201cadd-on\u201d when you book online \u2013 or specify it if you&#8217;re booking by phone or email.<\/p>\n<p>We provide water and food bowls in the room, a nice dog bed and a handful of treats.<\/p>\n","protected":false},"excerpt":{"rendered":"<p>At Alsik, we offer a dog-friendly setting.<\/p>\n","protected":false},"author":7,"featured_media":7729,"parent":0,"menu_order":0,"comment_status":"closed","ping_status":"closed","template":"","meta":{"_acf_changed":false,"footnotes":""},"tags":[],"class_list":["post-9721","page","type-page","status-publish","has-post-thumbnail","hentry"],"acf":[],"yoast_head":"<!-- This site is optimized with the Yoast SEO plugin v24.3 - https:\/\/yoast.com\/wordpress\/plugins\/seo\/ -->\n<title>Take your dog on holiday | Alsik Hotel &amp; Spa<\/title>\n<meta name=\"description\" content=\"At Alsik, we offer a dog-friendly setting. We provide water and food bowls in the room, a nice dog bed and a handful of treats.\" \/>\n<meta name=\"robots\" content=\"index, follow, max-snippet:-1, max-image-preview:large, max-video-preview:-1\" \/>\n<link rel=\"canonical\" href=\"https:\/\/alsik.dk\/en\/take-your-dog-on-holiday\/\" \/>\n<meta property=\"og:locale\" content=\"en_US\" \/>\n<meta property=\"og:type\" content=\"article\" \/>\n<meta property=\"og:title\" content=\"Take your dog on holiday | Alsik Hotel &amp; Spa\" \/>\n<meta property=\"og:description\" content=\"At Alsik, we offer a dog-friendly setting. We provide water and food bowls in the room, a nice dog bed and a handful of treats.\" \/>\n<meta property=\"og:url\" content=\"https:\/\/alsik.dk\/en\/take-your-dog-on-holiday\/\" \/>\n<meta property=\"og:site_name\" content=\"Alsik Hotel &amp; Spa\" \/>\n<meta property=\"article:modified_time\" content=\"2022-04-11T07:36:35+00:00\" \/>\n<meta property=\"og:image\" content=\"https:\/\/alsik.dk\/wp-content\/uploads\/2021\/03\/AlsikHund-9.jpg\" \/>\n\t<meta property=\"og:image:width\" content=\"2048\" \/>\n\t<meta property=\"og:image:height\" content=\"1365\" \/>\n\t<meta property=\"og:image:type\" content=\"image\/jpeg\" \/>\n<meta name=\"twitter:card\" content=\"summary_large_image\" \/>\n<meta name=\"twitter:label1\" content=\"Est. reading time\" \/>\n\t<meta name=\"twitter:data1\" content=\"1 minute\" \/>\n<script type=\"application\/ld+json\" class=\"yoast-schema-graph\">{\"@context\":\"https:\/\/schema.org\",\"@graph\":[{\"@type\":\"WebPage\",\"@id\":\"https:\/\/alsik.dk\/en\/take-your-dog-on-holiday\/\",\"url\":\"https:\/\/alsik.dk\/en\/take-your-dog-on-holiday\/\",\"name\":\"Take your dog on holiday | Alsik Hotel &amp; Spa\",\"isPartOf\":{\"@id\":\"https:\/\/alsik.dk\/en\/#website\"},\"primaryImageOfPage\":{\"@id\":\"https:\/\/alsik.dk\/en\/take-your-dog-on-holiday\/#primaryimage\"},\"image\":{\"@id\":\"https:\/\/alsik.dk\/en\/take-your-dog-on-holiday\/#primaryimage\"},\"thumbnailUrl\":\"https:\/\/alsik.dk\/wp-content\/uploads\/2021\/03\/AlsikHund-9.jpg\",\"datePublished\":\"2022-02-18T12:17:00+00:00\",\"dateModified\":\"2022-04-11T07:36:35+00:00\",\"description\":\"At Alsik, we offer a dog-friendly setting. We provide water and food bowls in the room, a nice dog bed and a handful of treats.\",\"breadcrumb\":{\"@id\":\"https:\/\/alsik.dk\/en\/take-your-dog-on-holiday\/#breadcrumb\"},\"inLanguage\":\"en-US\",\"potentialAction\":[{\"@type\":\"ReadAction\",\"target\":[\"https:\/\/alsik.dk\/en\/take-your-dog-on-holiday\/\"]}]},{\"@type\":\"ImageObject\",\"inLanguage\":\"en-US\",\"@id\":\"https:\/\/alsik.dk\/en\/take-your-dog-on-holiday\/#primaryimage\",\"url\":\"https:\/\/alsik.dk\/wp-content\/uploads\/2021\/03\/AlsikHund-9.jpg\",\"contentUrl\":\"https:\/\/alsik.dk\/wp-content\/uploads\/2021\/03\/AlsikHund-9.jpg\",\"width\":2048,\"height\":1365,\"caption\":\"Hunde p\u00e5 hundevenligt v\u00e6relse med hundemadras p\u00e5 Alsik Hotel\"},{\"@type\":\"BreadcrumbList\",\"@id\":\"https:\/\/alsik.dk\/en\/take-your-dog-on-holiday\/#breadcrumb\",\"itemListElement\":[{\"@type\":\"ListItem\",\"position\":1,\"name\":\"Hjem\",\"item\":\"https:\/\/alsik.dk\/en\/\"},{\"@type\":\"ListItem\",\"position\":2,\"name\":\"Take your dog on holiday\"}]},{\"@type\":\"WebSite\",\"@id\":\"https:\/\/alsik.dk\/en\/#website\",\"url\":\"https:\/\/alsik.dk\/en\/\",\"name\":\"Alsik Hotel &amp; Spa\",\"description\":\"Alsik er et af Danmarks mest sp\u00e6ndende hoteller med stilfulde og topmoderne v\u00e6relser. Her venter en verden af luksuri\u00f8s og hyggelig. Oplev Danmarks st\u00f8rste spa med flere end 60 forskellige spa- og wellnessoplevelser fordelt p\u00e5 4.500 kvadratmeter og fire etager. Eller fork\u00e6l sanserne med gastronomi i s\u00e6rklasse i Alsiks tre restauranter.\",\"potentialAction\":[{\"@type\":\"SearchAction\",\"target\":{\"@type\":\"EntryPoint\",\"urlTemplate\":\"https:\/\/alsik.dk\/en\/?s={search_term_string}\"},\"query-input\":{\"@type\":\"PropertyValueSpecification\",\"valueRequired\":true,\"valueName\":\"search_term_string\"}}],\"inLanguage\":\"en-US\"}]}<\/script>\n<!-- \/ Yoast SEO plugin. -->","yoast_head_json":{"title":"Take your dog on holiday | Alsik Hotel &amp; Spa","description":"At Alsik, we offer a dog-friendly setting. We provide water and food bowls in the room, a nice dog bed and a handful of treats.","robots":{"index":"index","follow":"follow","max-snippet":"max-snippet:-1","max-image-preview":"max-image-preview:large","max-video-preview":"max-video-preview:-1"},"canonical":"https:\/\/alsik.dk\/en\/take-your-dog-on-holiday\/","og_locale":"en_US","og_type":"article","og_title":"Take your dog on holiday | Alsik Hotel &amp; Spa","og_description":"At Alsik, we offer a dog-friendly setting. We provide water and food bowls in the room, a nice dog bed and a handful of treats.","og_url":"https:\/\/alsik.dk\/en\/take-your-dog-on-holiday\/","og_site_name":"Alsik Hotel &amp; Spa","article_modified_time":"2022-04-11T07:36:35+00:00","og_image":[{"width":2048,"height":1365,"url":"https:\/\/alsik.dk\/wp-content\/uploads\/2021\/03\/AlsikHund-9.jpg","type":"image\/jpeg"}],"twitter_card":"summary_large_image","twitter_misc":{"Est. reading time":"1 minute"},"schema":{"@context":"https:\/\/schema.org","@graph":[{"@type":"WebPage","@id":"https:\/\/alsik.dk\/en\/take-your-dog-on-holiday\/","url":"https:\/\/alsik.dk\/en\/take-your-dog-on-holiday\/","name":"Take your dog on holiday | Alsik Hotel &amp; Spa","isPartOf":{"@id":"https:\/\/alsik.dk\/en\/#website"},"primaryImageOfPage":{"@id":"https:\/\/alsik.dk\/en\/take-your-dog-on-holiday\/#primaryimage"},"image":{"@id":"https:\/\/alsik.dk\/en\/take-your-dog-on-holiday\/#primaryimage"},"thumbnailUrl":"https:\/\/alsik.dk\/wp-content\/uploads\/2021\/03\/AlsikHund-9.jpg","datePublished":"2022-02-18T12:17:00+00:00","dateModified":"2022-04-11T07:36:35+00:00","description":"At Alsik, we offer a dog-friendly setting. We provide water and food bowls in the room, a nice dog bed and a handful of treats.","breadcrumb":{"@id":"https:\/\/alsik.dk\/en\/take-your-dog-on-holiday\/#breadcrumb"},"inLanguage":"en-US","potentialAction":[{"@type":"ReadAction","target":["https:\/\/alsik.dk\/en\/take-your-dog-on-holiday\/"]}]},{"@type":"ImageObject","inLanguage":"en-US","@id":"https:\/\/alsik.dk\/en\/take-your-dog-on-holiday\/#primaryimage","url":"https:\/\/alsik.dk\/wp-content\/uploads\/2021\/03\/AlsikHund-9.jpg","contentUrl":"https:\/\/alsik.dk\/wp-content\/uploads\/2021\/03\/AlsikHund-9.jpg","width":2048,"height":1365,"caption":"Hunde p\u00e5 hundevenligt v\u00e6relse med hundemadras p\u00e5 Alsik Hotel"},{"@type":"BreadcrumbList","@id":"https:\/\/alsik.dk\/en\/take-your-dog-on-holiday\/#breadcrumb","itemListElement":[{"@type":"ListItem","position":1,"name":"Hjem","item":"https:\/\/alsik.dk\/en\/"},{"@type":"ListItem","position":2,"name":"Take your dog on holiday"}]},{"@type":"WebSite","@id":"https:\/\/alsik.dk\/en\/#website","url":"https:\/\/alsik.dk\/en\/","name":"Alsik Hotel &amp; Spa","description":"Alsik er et af Danmarks mest sp\u00e6ndende hoteller med stilfulde og topmoderne v\u00e6relser. Her venter en verden af luksuri\u00f8s og hyggelig. Oplev Danmarks st\u00f8rste spa med flere end 60 forskellige spa- og wellnessoplevelser fordelt p\u00e5 4.500 kvadratmeter og fire etager. Eller fork\u00e6l sanserne med gastronomi i s\u00e6rklasse i Alsiks tre restauranter.","potentialAction":[{"@type":"SearchAction","target":{"@type":"EntryPoint","urlTemplate":"https:\/\/alsik.dk\/en\/?s={search_term_string}"},"query-input":{"@type":"PropertyValueSpecification","valueRequired":true,"valueName":"search_term_string"}}],"inLanguage":"en-US"}]}},"_links":{"self":[{"href":"https:\/\/alsik.dk\/en\/wp-json\/wp\/v2\/pages\/9721","targetHints":{"allow":["GET"]}}],"collection":[{"href":"https:\/\/alsik.dk\/en\/wp-json\/wp\/v2\/pages"}],"about":[{"href":"https:\/\/alsik.dk\/en\/wp-json\/wp\/v2\/types\/page"}],"author":[{"embeddable":true,"href":"https:\/\/alsik.dk\/en\/wp-json\/wp\/v2\/users\/7"}],"replies":[{"embeddable":true,"href":"https:\/\/alsik.dk\/en\/wp-json\/wp\/v2\/comments?post=9721"}],"version-history":[{"count":7,"href":"https:\/\/alsik.dk\/en\/wp-json\/wp\/v2\/pages\/9721\/revisions"}],"predecessor-version":[{"id":9985,"href":"https:\/\/alsik.dk\/en\/wp-json\/wp\/v2\/pages\/9721\/revisions\/9985"}],"wp:featuredmedia":[{"embeddable":true,"href":"https:\/\/alsik.dk\/en\/wp-json\/wp\/v2\/media\/7729"}],"wp:attachment":[{"href":"https:\/\/alsik.dk\/en\/wp-json\/wp\/v2\/media?parent=9721"}],"wp:term":[{"taxonomy":"post_tag","embeddable":true,"href":"https:\/\/alsik.dk\/en\/wp-json\/wp\/v2\/tags?post=9721"}],"curies":[{"name":"wp","href":"https:\/\/api.w.org\/{rel}","templated":true}]}}